{"id":5,"date":"2020-12-13T16:58:59","date_gmt":"2020-12-13T16:58:59","guid":{"rendered":"http:\/\/localhost\/?page_id=3"},"modified":"2021-02-22T18:49:53","modified_gmt":"2021-02-22T18:49:53","slug":"politica-de-confidentialitate","status":"publish","type":"page","link":"http:\/\/81.196.125.231:8181\/?page_id=5","title":{"rendered":"Politica de confiden\u021bialitate"},"content":{"rendered":"\t\t<div data-elementor-type=\"wp-page\" data-elementor-id=\"5\" class=\"elementor elementor-5\" data-elementor-settings=\"[]\">\n\t\t\t\t\t\t<div class=\"elementor-inner\">\n\t\t\t\t\t\t\t<div class=\"elementor-section-wrap\">\n\t\t\t\t\t\t\t<section class=\"has_ma_el_bg_slider elementor-section elementor-top-section elementor-element elementor-element-1434e9df elementor-section-boxed elementor-section-height-default elementor-section-height-default\" data-id=\"1434e9df\" data-element_type=\"section\">\n\t\t\t\t\t\t<div class=\"elementor-container elementor-column-gap-default\">\n\t\t\t\t\t\t\t<div class=\"elementor-row\">\n\t\t\t\t\t<div class=\"has_ma_el_bg_slider elementor-column elementor-col-100 elementor-top-column elementor-element elementor-element-49854d60\" data-id=\"49854d60\" data-element_type=\"column\">\n\t\t\t<div class=\"elementor-column-wrap\">\n\t\t\t\t\t\t\t<div class=\"elementor-widget-wrap\">\n\t\t\t\t\t\t\t\t<\/div>\n\t\t\t\t\t<\/div>\n\t\t<\/div>\n\t\t\t\t\t\t\t\t<\/div>\n\t\t\t\t\t<\/div>\n\t\t<\/section>\n\t\t\t\t<section class=\"has_ma_el_bg_slider elementor-section elementor-top-section elementor-element elementor-element-b557ee6 elementor-section-content-middle elementor-reverse-mobile elementor-section-boxed elementor-section-height-default elementor-section-height-default\" data-id=\"b557ee6\" data-element_type=\"section\" data-settings=\"{&quot;background_background&quot;:&quot;classic&quot;}\">\n\t\t\t\t\t\t<div class=\"elementor-container elementor-column-gap-default\">\n\t\t\t\t\t\t\t<div class=\"elementor-row\">\n\t\t\t\t\t<div class=\"has_ma_el_bg_slider elementor-column elementor-col-100 elementor-top-column elementor-element elementor-element-688a36df\" data-id=\"688a36df\" data-element_type=\"column\">\n\t\t\t<div class=\"elementor-column-wrap elementor-element-populated\">\n\t\t\t\t\t\t\t<div class=\"elementor-widget-wrap\">\n\t\t\t\t\t\t<div class=\"elementor-element elementor-element-9047dba elementor-widget elementor-widget-text-editor\" data-id=\"9047dba\" data-element_type=\"widget\" data-widget_type=\"text-editor.default\">\n\t\t\t\t<div class=\"elementor-widget-container\">\n\t\t\t\t\t<div class=\"elementor-text-editor elementor-clearfix\"><p>Protec\u0163ia datelor INC DTCI ICSI &#8211; Declara\u021bie de<br>confiden\u021bialitate cu privire la datele cu caracter personal<\/p>\n<p><\/p>\n<p>Prin prezenta declara\u021bie de confiden\u021bialitate cu privire la datele cu caracter personal,<br>dorim s\u0103 v\u0103 inform\u0103m despre prelucrarea datelor dumneavoastr\u0103 cu caracter personal<br>de c\u0103tre INC DTCI- ICSI (denumit\u0103 \u00een continuare \u201eICSI\u201d).<br>La anumite intervale de timp, poate fi necesar\u0103 adaptarea acestui document, \u00een<br>ansamblul s\u0103u, precum \u0219i a anumitor p\u0103r\u021bi din acesta, cu scopul de a respecta cerin\u021bele<br>legale actualizate sau de a acoperi introducerea unor servicii noi.<br>I. Informa\u021bii generale cu privire la protec\u021bia datelor \u00een cadrul ICSI<br>1. Operatorul \u0219i responsabilul cu protec\u021bia datelor<br>Operatorul responsabil cu prelucrarea datelor dumneavoastr\u0103 cu caracter personal, \u00een<br>sensul legisla\u021biei privind protec\u021bia datelor, este ICSI.<br>Responsabilul cu protec\u021bia datelor \u00een cadrul ICSI v\u0103 st\u0103 la dispozi\u021bie pentru a r\u0103spunde<br>la toate \u00eentreb\u0103rile pe care le pute\u021bi avea cu privire la protec\u021bia datelor la:<br>Tel: 0250\/732 744 int. 8414<br>Fax: 0250\/732 746<br>Email: dpo@icsi.ro<br>2. Drepturile dumneavoastr\u0103 cu privire la confiden\u021bialitatea datelor<br>\u00cen leg\u0103tur\u0103 cu orice prelucrare de c\u0103tre ICSI a unor date cu caracter personal, toate<br>persoanele vizate beneficiaz\u0103 de urm\u0103toarele drepturi, conform art. 15-21 din GDPR &#8211;<br>\u00een limitele impuse de legisla\u021biile statelor membre:<br>Dreptul la informare \u2013 Persoana vizat\u0103 are dreptul de a ob\u021bine din partea operatorului<br>o confirmare c\u0103 se prelucreaz\u0103 sau nu date cu caracter personal care o privesc \u0219i \u00een caz<br>afirmativ, acces la datele respective;<br>Dreptul la rectificare \u2013 Persoana vizat\u0103 are dreptul de a ob\u021bine de la operator, f\u0103r\u0103<br>\u00eent\u00e2rzieri nejustificative, rectificarea datelor cu cracter personal inexacte care o privesc;<br>Dreptul la \u0219tergerea datelor \u2013 Persoana vizat\u0103 are dreptul de a solicita \u0219terge datelor<br>personale prelucrate ilegal sau date care sunt stocate o perioad\u0103 prea indelungat\u0103 (\u00een<br>m\u0103sura \u00een care nu exist\u0103 obliga\u021bii legale de a stoca datele);<\/p>\n<p><br>Dreptul la restric\u021bionarea prelucr\u0103rii \u2013 Persoana vizat\u0103 are dreptul de a ob\u021bine din<br>partea operatorului o restric\u021bionare a prelucr\u0103rii excesive a datelor cu caracter<br>personal;<br>Dreptul la portabilitatea datelor \u2013 Persoana vizat\u0103 are dreptul de a primii datele cu<br>caracter personal care o privesc \u0219i care le-a furnizat operatorului \u00eentr-un format<br>structurat, utilizat \u00een mod curent \u0219i care poate fi citit automat \u0219i are dreptul de a<br>transmite aceste date altui operator;<br>Dreptul la opozi\u021bie \u2013 Persoana vizat\u0103 are dreptul \u00een orice moment de a se opune<br>prelucr\u0103rii datelor cu carcter personal care o privesc. Operatorul nu mai prelucreaz\u0103<br>datele cu caracter personal, cu exceptia cazului \u00een care operatorul demonstreaz\u0103 c\u0103 are<br>motive legitime \u0219i imperioase care justific\u0103 prelucrarea \u0219i care prevaleaz\u0103 asupra<br>intereselor, drepturilor \u0219i libert\u0103\u021bilor persoanei vizate sau c\u0103 scopul este constatarea,<br>exercitarea sau ap\u0103rarea unui drept \u00een instan\u021b\u0103;<br>Mai mult, ave\u021bi dreptul de a v\u0103 retrage consim\u021b\u0103m\u00e2ntul pentru prelucrarea datelor dvs.<br>cu caracter personal, \u00een orice moment, cu efect pe viitor. Aceast\u0103 retragere nu produce<br>efecte \u00een trecut, adic\u0103 nu afecteaz\u0103 valabilitatea prelucr\u0103rii datelor p\u00e2n\u0103 la retragerea<br>consim\u021b\u0103m\u00e2ntului.<br>Dac\u0103 sunte\u021bi de p\u0103rere c\u0103 prelucrarea datelor cu caracter personal de c\u0103tre ICSI nu se<br>realizeaz\u0103 \u00een conformitate cu reglement\u0103rile privind protec\u021bia datelor sau dac\u0103 nu<br>sunte\u021bi mul\u021bumi\u021bi de informa\u021biile pe care vi le-am furnizat, ave\u021bi dreptul de a depune o<br>reclama\u021bie la autoritatea de supraveghere competent\u0103 (vezi art. 77 GDPR).<br>3. Transferul c\u0103tre ter\u021be \u021b\u0103ri sau organiza\u021bii interna\u021bionale<br>ICSI are grij\u0103 s\u0103 nu transfere datele dumneavoastr\u0103 c\u0103tre destinatari afla\u021bi \u00een \u021b\u0103ri care<br>nu au un nivel adecvat de protec\u021bie a datelor (ter\u021be \u021b\u0103ri). Cu toate acestea, \u00een unele<br>cazuri, acest lucru nu poate fi complet evitat. \u00cen acest caz, ICSI a luat \u0219i va lua m\u0103suri<br>corespunz\u0103toare pentru a asigura, \u00een permanen\u021b\u0103, un nivel adecvat de protec\u021bie a<br>datelor la destinatar.<br>4. Perioadele de stocare \u0219i p\u0103strare<br>Prelucrarea datelor cu caracter personal are loc doar pe perioada necesar\u0103 pentru<br>\u00eendeplinirea obliga\u021biilor contractuale.<br>Cu toate acestea, \u00een scopul de a respecta anumite cerin\u021be legale, ICSI trebuie s\u0103<br>stocheze unele date \u0219i dup\u0103 \u00eencetarea rela\u021biilor contractuale. Aceasta include obliga\u021biile<br>referitoare la documenta\u021bia comercial\u0103 \u0219i fiscal\u0103, la eviden\u021be \u0219i la stocare.<br>\u00cen aceste cazuri, ICSI este obligat\u0103, \u00een general, s\u0103 protejeze sau s\u0103 stocheze datele, cel<br>pu\u021bin pe perioada impus\u0103 de prevederile legale aplicabile \u00een domeniu.<br>II. Prelucrarea datelor cu caracter personal de c\u0103tre ICSI \u00een scopul<br>principalelor activit\u0103\u021bi desf\u0103\u0219urate<br>ICSI ofer\u0103 un portofoliu vast de produse \u0219i servicii clien\u021bilor din sectorul industrial,<br>\u0219tiin\u021bific, cercetare \u0219i public.<\/p>\n<p><br>ICSI, pentru a putea s\u0103 desf\u0103\u0219oare activit\u0103\u021bile complexe la nivel national \u0219i interna\u021bional,<br>este necesar s\u0103 prelucreze date cu caracter personal.<br>1. Tipul \u0219i originea datelor cu caracter personal prelucrate de c\u0103tre ICSI<br>Prelucrarea datelor cu caracter personal se desf\u0103\u0219oar\u0103 numai \u00een m\u0103sura \u00een care acest<br>lucru este necesar pentru \u00eendeplinirea obliga\u021biilor contractuale \u0219i legale \u00een leg\u0103tur\u0103 cu<br>rela\u021biile de afaceri pe care le are ICSI cu clien\u021bii, furnizorii \u0219i partenerii. Prin \u201ePrelucrare\u201d<br>se \u00een\u021belege colectarea, stocarea, \u0219tergerea sau transferul de date cu caracter personal.<br>Datele cu caracter personal prelucrate includ:<br>Datele de baz\u0103 \u0219i de contact ale clien\u021bilor \u0219i furnizorilor, cum ar fi numele, adresa,<br>num\u0103rul de telefon, adresa de e-mail, func\u021bia, departamentul \u00een care lucreaz\u0103<br>persoanele noastre de contact etc.;<br>Datele necesare pentru facturare \u0219i prelucrarea pl\u0103\u021bilor, cum ar fi datele bancare, codul<br>de identificare fiscal\u0103, informa\u021biile privind gestionarea creditelor etc., \u00een m\u0103sura \u00een care<br>se refer\u0103 la datele unei persoane fizice;<br>Informa\u021biile privind gestionarea rela\u021biilor cu furnizorii \u0219i clien\u021bii, precum istoricul<br>comenzilor etc., \u00een m\u0103sura \u00een care se refer\u0103 la datele unei persoane fizice;<br>ICSI prime\u0219te \u00een mod regulat, date cu caracter personal care sunt prelucrate \u00een cadrul<br>\u0219i \u00een cursul rela\u021biei de afaceri cu clien\u021bii si partenerii ICSI.<br>\u00cen unele cazuri, se prelucreaz\u0103, de asemenea, date cu caracter personal primite \u00eentr-un<br>alt mod, \u00een conformitate cu legile aplicabile privind protec\u021bia datelor. \u00cen mod normal,<br>acesta este cazul \u00een ceea ce prive\u0219te:<br>&#8211; Sursele accesibile publicului, de exemplu, registre ale comer\u021bului \u0219i societ\u0103\u021bilor, t\u00e2rguri<br>comerciale, expozi\u021bii, surse de Internet, ziare, anuare comerciale etc.;<br>&#8211; Ter\u021bii care nu sunt afilia\u021bi ICSI, de exemplu, asocia\u021biile comerciale\/de \u00eentreprinderi,<br>agen\u021biile de credit, societ\u0103\u021bile de asigurare etc.<br>2. Scopul prelucr\u0103rii datelor de c\u0103tre ICSI \u0219i temeiul juridic<br>Prelucrarea datele dumeavoastr\u0103 cu caracter personal are loc \u00een scopurile permise \u0219i \u00een<br>conformitate cu prevederile legale aplicabile ale GDPR \u0219i ale legilor na\u021bionale relevante<br>privind protec\u021bia datelor.<br>2.1 Prelucrarea datelor pentru \u00eendeplinirea obliga\u021biilor contractuale<br>Prelucrarea datelor cu caracter personal se desf\u0103\u0219oar\u0103 pentru \u00eendeplinirea obliga\u021biilor<br>contractuale fa\u021b\u0103 de clien\u021bii \u0219i furnizorii ICSI sau pentru punerea \u00een aplicare a unor a\u0219azise m\u0103suri precontractuale, care se realizeaz\u0103 pe baza unei cereri explicite.<br>\u00cen aceste cazuri, scopul prelucr\u0103rii datelor este determinat de contractul pe care ICSI la \u00eencheiat cu clien\u021bii sau furnizorii \u0219i de serviciile care sunt prestate conform contractului<br>respectiv. Aceasta include, de exemplu, prelucrarea datelor cu caracter personal \u00een<br>contextul corsponden\u021bei \u00eentre firme sau informa\u021bii despre serviciile ICSI sau al preg\u0103tirii<br>unor oferte specifice.<\/p>\n<p><br>2.2 Prelucrarea datelor pentru protejarea intereselor legitime<br>ICSI prelucreaz\u0103 date cu caracter personal \u00een m\u0103sura \u00een care acest lucru este necesar<br>pentru a proteja interesele legitime ale ICSI, precum \u0219i pe cele ale partenerilor (\u0219i, dac\u0103<br>este cazul, pe cele ale altor ter\u021bi). \u00cen acest caz, ICSI prelucreaz\u0103 date cu caracter personal<br>numai dup\u0103 o analiz\u0103 corespunz\u0103toare a intereselor dumneavoastr\u0103 relevante.<br>2.3 Prelucrarea datelor cu consim\u021b\u0103m\u00e2ntul dumneavoastr\u0103<br>ICSI prelucreaz\u0103 datele dumneavoastr\u0103 cu caracter personal dac\u0103 a\u021bi acordat<br>consim\u021b\u0103m\u00e2ntul. Ave\u021bi posibilitatea de a v\u0103 retrage consim\u021b\u0103m\u00e2ntul \u00een orice moment.<br>Cu toate acestea, \u021bine\u021bi cont de faptul c\u0103 prelucrarea datelor p\u00e2n\u0103 la data retragerii<br>consim\u021b\u0103m\u00e2ntului r\u0103m\u00e2ne permisibil\u0103.<br>2.4 Prelucrarea datelor pentru \u00eendeplinirea obliga\u021biilor legale<br>ICSI este obligat\u0103 s\u0103 prelucreze anumite date \u00een scopul respect\u0103rii obliga\u021biilor legale.<br>Aceste obliga\u021bii pot rezulta din anumite prevederi ale legisla\u021biei na\u021bionale comerciale,<br>fiscale \u0219i sociale, precum \u0219i ale legisla\u021biei comunitare, de exemplu, \u00een leg\u0103tur\u0103 cu<br>regulamentele privind prevenirea finan\u021b\u0103rii actelor de terorism. \u00cen detaliu, acest lucru<br>poate, de asemenea, genera obliga\u021bii ce-i revin ICSI cu privire la protec\u021bia, stocarea,<br>raportarea \u0219i colectarea datelor, care servesc, \u00een general, scopurilor de control din<br>partea autorit\u0103\u021bilor respective.<br>2.5 Informa\u021biile privind schimbarea scopului<br>\u00cen cazul \u00een care ICSI prelucreaz\u0103 datele dumneavoastr\u0103 cu caracter personal \u00een orice alt<br>scop dec\u00e2t cel \u00een care le-a colectat ini\u021bial, aceasta v\u0103 va informa despre acest scop nou<br>\u00een limitele permise de lege.<br>3. Destinatarii datelor dumneavoastr\u0103 cu caracter personal<br>ICSI transfer\u0103 date cu caracter personal c\u0103tre al\u021bi destinatari din afara ICSI numai dac\u0103<br>este obligat\u0103 prin lege s\u0103 fac\u0103 acest lucru. \u00cen toate celelalte cazuri, ICSI transfer\u0103 datele<br>dumneavoastr\u0103 c\u0103tre al\u021bi ter\u021bi numai dac\u0103 a\u021bi acordat consim\u021b\u0103m\u00e2ntul corespunz\u0103tor.<br>4. Obliga\u021bia de a furniza date<br>Pentru a putea gestiona contractele cu clientii, furnizorii si colaboratorii, ICSI trebuie s\u0103<br>prelucrze anumite date cu caracter personal sau este obligat\u0103 prin lege s\u0103 fac\u0103 acest<br>lucru. Astfel, ICSI colecteaz\u0103 datele corespunz\u0103toare de la dumneavoastr\u0103 \u00een momentul<br>\u00eencheierii contractului (de exemplu, adresa, datele de contact profesionale \u0219i func\u021bia).<br>F\u0103r\u0103 aceste date ICSI nu poate \u00eencheia contracte.<br>5. Procesul decizional automatizat \u0219i crearea de profiluri<br>ICSI nu utilizeaz\u0103 procese decizionale automatizate pentru proceduri care au implica\u021bii<br>juridice sau un impact semnificativ asupra dumneavoastr\u0103. Nicio decizie nu va fi luat\u0103<br>f\u0103r\u0103 revizuire suplimentar\u0103 de c\u0103tre o persoan\u0103.<br>ICSI nu desf\u0103\u0219oar\u0103 activit\u0103\u021bi de creare de profiluri, \u00een sensul art. 4, pct. 4 din GDPR.<\/p>\n<p><br>III. Cum utilizeaz\u0103 ICSI datele cu caracter personal \u00een scopurile site-ului<br>proppriu<br>1. Cookie-urile<br>Cookie-urile sunt folosite.<br>2. Link-urile<br>Site-ul ICSI con\u021bine link-uri c\u0103tre alte site-uri web, care se supun unor declara\u021bii separate<br>privind protec\u021bia datelor, apar\u021bin\u00e2nd operatorilor site-urilor web respective<\/p><\/div>\n\t\t\t\t<\/div>\n\t\t\t\t<\/div>\n\t\t\t\t<div class=\"elementor-element elementor-element-1c381044 elementor-widget elementor-widget-spacer\" data-id=\"1c381044\" data-element_type=\"widget\" data-widget_type=\"spacer.default\">\n\t\t\t\t<div class=\"elementor-widget-container\">\n\t\t\t\t\t<div class=\"elementor-spacer\">\n\t\t\t<div class=\"elementor-spacer-inner\"><\/div>\n\t\t<\/div>\n\t\t\t\t<\/div>\n\t\t\t\t<\/div>\n\t\t\t\t\t\t<\/div>\n\t\t\t\t\t<\/div>\n\t\t<\/div>\n\t\t\t\t\t\t\t\t<\/div>\n\t\t\t\t\t<\/div>\n\t\t<\/section>\n\t\t\t\t<section class=\"has_ma_el_bg_slider elementor-section elementor-top-section elementor-element elementor-element-48143eab elementor-section-content-middle elementor-section-stretched elementor-section-boxed elementor-section-height-default elementor-section-height-default\" data-id=\"48143eab\" data-element_type=\"section\" data-settings=\"{&quot;stretch_section&quot;:&quot;section-stretched&quot;}\">\n\t\t\t\t\t\t<div class=\"elementor-container elementor-column-gap-default\">\n\t\t\t\t\t\t\t<div class=\"elementor-row\">\n\t\t\t\t\t<div class=\"has_ma_el_bg_slider elementor-column elementor-col-100 elementor-top-column elementor-element elementor-element-175d7e7a\" data-id=\"175d7e7a\" data-element_type=\"column\">\n\t\t\t<div class=\"elementor-column-wrap\">\n\t\t\t\t\t\t\t<div class=\"elementor-widget-wrap\">\n\t\t\t\t\t\t\t\t<\/div>\n\t\t\t\t\t<\/div>\n\t\t<\/div>\n\t\t\t\t\t\t\t\t<\/div>\n\t\t\t\t\t<\/div>\n\t\t<\/section>\n\t\t\t\t<section class=\"has_ma_el_bg_slider elementor-section elementor-top-section elementor-element elementor-element-5c57cd50 elementor-section-boxed elementor-section-height-default elementor-section-height-default\" data-id=\"5c57cd50\" data-element_type=\"section\">\n\t\t\t\t\t\t<div class=\"elementor-container elementor-column-gap-default\">\n\t\t\t\t\t\t\t<div class=\"elementor-row\">\n\t\t\t\t\t<div class=\"has_ma_el_bg_slider elementor-column elementor-col-100 elementor-top-column elementor-element elementor-element-479c948e\" data-id=\"479c948e\" data-element_type=\"column\">\n\t\t\t<div class=\"elementor-column-wrap elementor-element-populated\">\n\t\t\t\t\t\t\t<div class=\"elementor-widget-wrap\">\n\t\t\t\t\t\t<div class=\"elementor-element elementor-element-3c4b032 elementor-widget__width-auto elementor-absolute elementor-invisible elementor-widget elementor-widget-image-gallery\" data-id=\"3c4b032\" data-element_type=\"widget\" data-settings=\"{&quot;_position&quot;:&quot;absolute&quot;,&quot;_animation&quot;:&quot;fadeIn&quot;}\" data-widget_type=\"image-gallery.default\">\n\t\t\t\t<div class=\"elementor-widget-container\">\n\t\t\t\t\t<div class=\"elementor-image-gallery\">\n\t\t\t\n\t\t<style type=\"text\/css\">\n\t\t\t#gallery-1 {\n\t\t\t\tmargin: auto;\n\t\t\t}\n\t\t\t#gallery-1 .gallery-item {\n\t\t\t\tfloat: left;\n\t\t\t\tmargin-top: 10px;\n\t\t\t\ttext-align: center;\n\t\t\t\twidth: 25%;\n\t\t\t}\n\t\t\t#gallery-1 img {\n\t\t\t\tborder: 2px solid #cfcfcf;\n\t\t\t}\n\t\t\t#gallery-1 .gallery-caption {\n\t\t\t\tmargin-left: 0;\n\t\t\t}\n\t\t\t\/* see gallery_shortcode() in wp-includes\/media.php *\/\n\t\t<\/style>\n\t\t<div id='gallery-1' class='gallery galleryid-5 gallery-columns-4 gallery-size-thumbnail'><dl class='gallery-item'>\n\t\t\t<dt class='gallery-icon landscape'>\n\t\t\t\t<a data-elementor-open-lightbox=\"yes\" data-elementor-lightbox-slideshow=\"3c4b032\" data-elementor-lightbox-title=\"IMG-20201202-WA0008\" href='http:\/\/81.196.125.231:8181\/wp-content\/uploads\/2021\/02\/IMG-20201202-WA0008.png'><img width=\"150\" height=\"150\" src=\"http:\/\/81.196.125.231:8181\/wp-content\/uploads\/2021\/02\/IMG-20201202-WA0008-150x150.png\" class=\"attachment-thumbnail size-thumbnail\" alt=\"\" decoding=\"async\" loading=\"lazy\" srcset=\"http:\/\/81.196.125.231:8181\/wp-content\/uploads\/2021\/02\/IMG-20201202-WA0008-150x150.png 150w, http:\/\/81.196.125.231:8181\/wp-content\/uploads\/2021\/02\/IMG-20201202-WA0008-45x45.png 45w\" sizes=\"(max-width: 150px) 100vw, 150px\" \/><\/a>\n\t\t\t<\/dt><\/dl><dl class='gallery-item'>\n\t\t\t<dt class='gallery-icon landscape'>\n\t\t\t\t<a data-elementor-open-lightbox=\"yes\" data-elementor-lightbox-slideshow=\"3c4b032\" data-elementor-lightbox-title=\"IMG-20201202-WA0004\" href='http:\/\/81.196.125.231:8181\/wp-content\/uploads\/2021\/02\/IMG-20201202-WA0004.png'><img width=\"150\" height=\"150\" src=\"http:\/\/81.196.125.231:8181\/wp-content\/uploads\/2021\/02\/IMG-20201202-WA0004-150x150.png\" class=\"attachment-thumbnail size-thumbnail\" alt=\"\" decoding=\"async\" loading=\"lazy\" srcset=\"http:\/\/81.196.125.231:8181\/wp-content\/uploads\/2021\/02\/IMG-20201202-WA0004-150x150.png 150w, http:\/\/81.196.125.231:8181\/wp-content\/uploads\/2021\/02\/IMG-20201202-WA0004-45x45.png 45w\" sizes=\"(max-width: 150px) 100vw, 150px\" \/><\/a>\n\t\t\t<\/dt><\/dl><dl class='gallery-item'>\n\t\t\t<dt class='gallery-icon landscape'>\n\t\t\t\t<a data-elementor-open-lightbox=\"yes\" data-elementor-lightbox-slideshow=\"3c4b032\" data-elementor-lightbox-title=\"DSC_3691\" href='http:\/\/81.196.125.231:8181\/wp-content\/uploads\/2021\/02\/DSC_3691.png'><img width=\"150\" height=\"150\" src=\"http:\/\/81.196.125.231:8181\/wp-content\/uploads\/2021\/02\/DSC_3691-150x150.png\" class=\"attachment-thumbnail size-thumbnail\" alt=\"\" decoding=\"async\" loading=\"lazy\" srcset=\"http:\/\/81.196.125.231:8181\/wp-content\/uploads\/2021\/02\/DSC_3691-150x150.png 150w, http:\/\/81.196.125.231:8181\/wp-content\/uploads\/2021\/02\/DSC_3691-45x45.png 45w\" sizes=\"(max-width: 150px) 100vw, 150px\" \/><\/a>\n\t\t\t<\/dt><\/dl><dl class='gallery-item'>\n\t\t\t<dt class='gallery-icon landscape'>\n\t\t\t\t<a data-elementor-open-lightbox=\"yes\" data-elementor-lightbox-slideshow=\"3c4b032\" data-elementor-lightbox-title=\"IMG-20201127-WA0012\" href='http:\/\/81.196.125.231:8181\/wp-content\/uploads\/2021\/02\/IMG-20201127-WA0012.png'><img width=\"150\" height=\"150\" src=\"http:\/\/81.196.125.231:8181\/wp-content\/uploads\/2021\/02\/IMG-20201127-WA0012-150x150.png\" class=\"attachment-thumbnail size-thumbnail\" alt=\"\" decoding=\"async\" loading=\"lazy\" srcset=\"http:\/\/81.196.125.231:8181\/wp-content\/uploads\/2021\/02\/IMG-20201127-WA0012-150x150.png 150w, http:\/\/81.196.125.231:8181\/wp-content\/uploads\/2021\/02\/IMG-20201127-WA0012-45x45.png 45w\" sizes=\"(max-width: 150px) 100vw, 150px\" \/><\/a>\n\t\t\t<\/dt><\/dl><br style=\"clear: both\" \/>\n\t\t<\/div>\n\t\t<\/div>\n\t\t\t\t<\/div>\n\t\t\t\t<\/div>\n\t\t\t\t\t\t<\/div>\n\t\t\t\t\t<\/div>\n\t\t<\/div>\n\t\t\t\t\t\t\t\t<\/div>\n\t\t\t\t\t<\/div>\n\t\t<\/section>\n\t\t\t\t\t\t<\/div>\n\t\t\t\t\t\t<\/div>\n\t\t\t\t\t<\/div>\n\t\t","protected":false},"excerpt":{"rendered":"<p>Protec\u0163ia datelor INC DTCI ICSI &#8211; Declara\u021bie deconfiden\u021bialitate cu privire la datele cu caracter personal Prin prezenta declara\u021bie de confiden\u021bialitate cu privire la datele cu caracter personal,dorim s\u0103 v\u0103 inform\u0103m despre prelucrarea datelor dumneavoastr\u0103 cu caracter personalde c\u0103tre INC DTCI- ICSI (denumit\u0103 \u00een continuare \u201eICSI\u201d).La anumite intervale de timp, poate fi necesar\u0103 adaptarea acestui document,&#8230;<\/p>\n","protected":false},"author":1,"featured_media":0,"parent":0,"menu_order":0,"comment_status":"closed","ping_status":"open","template":"","meta":[],"_links":{"self":[{"href":"http:\/\/81.196.125.231:8181\/index.php?rest_route=\/wp\/v2\/pages\/5"}],"collection":[{"href":"http:\/\/81.196.125.231:8181\/index.php?rest_route=\/wp\/v2\/pages"}],"about":[{"href":"http:\/\/81.196.125.231:8181\/index.php?rest_route=\/wp\/v2\/types\/page"}],"author":[{"embeddable":true,"href":"http:\/\/81.196.125.231:8181\/index.php?rest_route=\/wp\/v2\/users\/1"}],"replies":[{"embeddable":true,"href":"http:\/\/81.196.125.231:8181\/index.php?rest_route=%2Fwp%2Fv2%2Fcomments&post=5"}],"version-history":[{"count":11,"href":"http:\/\/81.196.125.231:8181\/index.php?rest_route=\/wp\/v2\/pages\/5\/revisions"}],"predecessor-version":[{"id":1564,"href":"http:\/\/81.196.125.231:8181\/index.php?rest_route=\/wp\/v2\/pages\/5\/revisions\/1564"}],"wp:attachment":[{"href":"http:\/\/81.196.125.231:8181\/index.php?rest_route=%2Fwp%2Fv2%2Fmedia&parent=5"}],"curies":[{"name":"wp","href":"https:\/\/api.w.org\/{rel}","templated":true}]}}