{"id":802,"date":"2021-02-02T10:26:50","date_gmt":"2021-02-02T10:26:50","guid":{"rendered":"http:\/\/81.196.125.231:8181\/?page_id=802"},"modified":"2023-07-20T08:42:10","modified_gmt":"2023-07-20T08:42:10","slug":"acasa","status":"publish","type":"page","link":"http:\/\/81.196.125.231:8181\/","title":{"rendered":"Acasa"},"content":{"rendered":"\t\t<div data-elementor-type=\"wp-post\" data-elementor-id=\"802\" class=\"elementor elementor-802\" data-elementor-settings=\"[]\">\n\t\t\t\t\t\t<div class=\"elementor-inner\">\n\t\t\t\t\t\t\t<div class=\"elementor-section-wrap\">\n\t\t\t\t\t\t\t<section class=\"has_ma_el_bg_slider elementor-section elementor-top-section elementor-element elementor-element-8245be1 elementor-section-content-middle elementor-section-boxed elementor-section-height-default elementor-section-height-default\" data-id=\"8245be1\" data-element_type=\"section\">\n\t\t\t\t\t\t<div class=\"elementor-container elementor-column-gap-default\">\n\t\t\t\t\t\t\t<div class=\"elementor-row\">\n\t\t\t\t\t<div class=\"has_ma_el_bg_slider elementor-column elementor-col-100 elementor-top-column elementor-element elementor-element-20b3971\" data-id=\"20b3971\" data-element_type=\"column\">\n\t\t\t<div class=\"elementor-column-wrap\">\n\t\t\t\t\t\t\t<div class=\"elementor-widget-wrap\">\n\t\t\t\t\t\t\t\t<\/div>\n\t\t\t\t\t<\/div>\n\t\t<\/div>\n\t\t\t\t<div class=\"has_ma_el_bg_slider elementor-column elementor-col-100 elementor-top-column elementor-element elementor-element-6d9c4d4\" data-id=\"6d9c4d4\" data-element_type=\"column\">\n\t\t\t<div class=\"elementor-column-wrap\">\n\t\t\t\t\t\t\t<div class=\"elementor-widget-wrap\">\n\t\t\t\t\t\t\t\t<\/div>\n\t\t\t\t\t<\/div>\n\t\t<\/div>\n\t\t\t\t\t\t\t\t<\/div>\n\t\t\t\t\t<\/div>\n\t\t<\/section>\n\t\t\t\t<section class=\"has_ma_el_bg_slider elementor-section elementor-top-section elementor-element elementor-element-238fe352 elementor-section-content-middle elementor-reverse-mobile elementor-section-boxed elementor-section-height-default elementor-section-height-default\" data-id=\"238fe352\" data-element_type=\"section\" data-settings=\"{&quot;background_background&quot;:&quot;classic&quot;}\">\n\t\t\t\t\t\t<div class=\"elementor-container elementor-column-gap-default\">\n\t\t\t\t\t\t\t<div class=\"elementor-row\">\n\t\t\t\t\t<div class=\"has_ma_el_bg_slider elementor-column elementor-col-100 elementor-top-column elementor-element elementor-element-22e25801\" data-id=\"22e25801\" data-element_type=\"column\">\n\t\t\t<div class=\"elementor-column-wrap elementor-element-populated\">\n\t\t\t\t\t\t\t<div class=\"elementor-widget-wrap\">\n\t\t\t\t\t\t<div class=\"elementor-element elementor-element-32dce8b elementor-widget elementor-widget-spacer\" data-id=\"32dce8b\" data-element_type=\"widget\" data-widget_type=\"spacer.default\">\n\t\t\t\t<div class=\"elementor-widget-container\">\n\t\t\t\t\t<div class=\"elementor-spacer\">\n\t\t\t<div class=\"elementor-spacer-inner\"><\/div>\n\t\t<\/div>\n\t\t\t\t<\/div>\n\t\t\t\t<\/div>\n\t\t\t\t<div class=\"elementor-element elementor-element-b9ffd1d elementor-widget elementor-widget-spacer\" data-id=\"b9ffd1d\" data-element_type=\"widget\" data-widget_type=\"spacer.default\">\n\t\t\t\t<div class=\"elementor-widget-container\">\n\t\t\t\t\t<div class=\"elementor-spacer\">\n\t\t\t<div class=\"elementor-spacer-inner\"><\/div>\n\t\t<\/div>\n\t\t\t\t<\/div>\n\t\t\t\t<\/div>\n\t\t\t\t<div class=\"elementor-element elementor-element-2a8aa10 elementor-position-top elementor-vertical-align-top elementor-widget elementor-widget-image-box\" data-id=\"2a8aa10\" data-element_type=\"widget\" data-widget_type=\"image-box.default\">\n\t\t\t\t<div class=\"elementor-widget-container\">\n\t\t\t<div class=\"elementor-image-box-wrapper\"><figure class=\"elementor-image-box-img\"><img width=\"639\" height=\"426\" src=\"http:\/\/81.196.125.231:8181\/wp-content\/uploads\/2023\/07\/pzh.png\" class=\"attachment-large size-large\" alt=\"\" decoding=\"async\" loading=\"lazy\" \/><\/figure><\/div>\t\t<\/div>\n\t\t\t\t<\/div>\n\t\t\t\t<div class=\"elementor-element elementor-element-a931a06 elementor-position-top elementor-vertical-align-top elementor-widget elementor-widget-image-box\" data-id=\"a931a06\" data-element_type=\"widget\" data-widget_type=\"image-box.default\">\n\t\t\t\t<div class=\"elementor-widget-container\">\n\t\t\t<div class=\"elementor-image-box-wrapper\"><figure class=\"elementor-image-box-img\"><img width=\"592\" height=\"532\" src=\"http:\/\/81.196.125.231:8181\/wp-content\/uploads\/2021\/02\/logo-ICSI-1.jpg\" class=\"attachment-2048x2048 size-2048x2048\" alt=\"\" decoding=\"async\" loading=\"lazy\" srcset=\"http:\/\/81.196.125.231:8181\/wp-content\/uploads\/2021\/02\/logo-ICSI-1.jpg 592w, http:\/\/81.196.125.231:8181\/wp-content\/uploads\/2021\/02\/logo-ICSI-1-300x270.jpg 300w\" sizes=\"(max-width: 592px) 100vw, 592px\" \/><\/figure><\/div>\t\t<\/div>\n\t\t\t\t<\/div>\n\t\t\t\t<div class=\"elementor-element elementor-element-fee5dc6 elementor-widget elementor-widget-heading\" data-id=\"fee5dc6\" data-element_type=\"widget\" data-widget_type=\"heading.default\">\n\t\t\t\t<div class=\"elementor-widget-container\">\n\t\t\t<h2 class=\"elementor-heading-title elementor-size-default\">Extinderea De la Nano la Macro \u00een Energetica Hidrogenului \u2013 Extindere Centru <br><\/br>\nNa\u021bional de Hidrogen \u0219i Pile de Combustibil \nHyRo 2.0 <br><\/br>\nCod SMIS 127318<\/h2>\t\t<\/div>\n\t\t\t\t<\/div>\n\t\t\t\t<div class=\"elementor-element elementor-element-7bc83f2 elementor-widget elementor-widget-spacer\" data-id=\"7bc83f2\" data-element_type=\"widget\" data-widget_type=\"spacer.default\">\n\t\t\t\t<div class=\"elementor-widget-container\">\n\t\t\t\t\t<div class=\"elementor-spacer\">\n\t\t\t<div class=\"elementor-spacer-inner\"><\/div>\n\t\t<\/div>\n\t\t\t\t<\/div>\n\t\t\t\t<\/div>\n\t\t\t\t<div class=\"elementor-element elementor-element-60ef667 elementor-widget elementor-widget-text-editor\" data-id=\"60ef667\" data-element_type=\"widget\" data-widget_type=\"text-editor.default\">\n\t\t\t\t<div class=\"elementor-widget-container\">\n\t\t\t\t\t<div class=\"elementor-text-editor elementor-clearfix\"><h3 align=\"CENTER\">Proiect cofinan\u0163at din Fondul European de Dezvoltare Regional\u0103<\/h3><h3 align=\"CENTER\">prin Programul Opera\u0163ional Competitivitate 2014-2020.<\/h3><h3>\u00a0<\/h3><div>\u00a0<\/div><h3>\u00a0<\/h3><div>\u00a0<\/div><h3 align=\"CENTER\">Con\u0163inutul acestui material nu reprezint\u0103 \u00een mod obligatoriu<\/h3><h3 align=\"CENTER\">pozi\u0163ia oficial\u0103 a Uniunii Europene sau a Guvernului Rom\u00e2niei.<\/h3><h3 align=\"CENTER\">Pentru informa\u021bii detaliate despre celelalte programe cofinan\u021bate de<\/h3><h3 align=\"CENTER\">Uniunea European\u0103, v\u0103 invit\u0103m s\u0103 vizita\u021bi\u00a0<a href=\"http:\/\/www.fonduri-ue.ro\/\" target=\"_blank\" rel=\"noopener\">www.fonduri-ue.ro<\/a><\/h3><h2>\u00a0<\/h2><\/div>\n\t\t\t\t<\/div>\n\t\t\t\t<\/div>\n\t\t\t\t<div class=\"elementor-element elementor-element-db23f78 elementor-widget elementor-widget-spacer\" data-id=\"db23f78\" data-element_type=\"widget\" data-widget_type=\"spacer.default\">\n\t\t\t\t<div class=\"elementor-widget-container\">\n\t\t\t\t\t<div class=\"elementor-spacer\">\n\t\t\t<div class=\"elementor-spacer-inner\"><\/div>\n\t\t<\/div>\n\t\t\t\t<\/div>\n\t\t\t\t<\/div>\n\t\t\t\t\t\t<\/div>\n\t\t\t\t\t<\/div>\n\t\t<\/div>\n\t\t\t\t\t\t\t\t<\/div>\n\t\t\t\t\t<\/div>\n\t\t<\/section>\n\t\t\t\t<section class=\"has_ma_el_bg_slider elementor-section elementor-top-section elementor-element elementor-element-1cac91a elementor-section-content-middle elementor-section-stretched elementor-section-boxed elementor-section-height-default elementor-section-height-default\" data-id=\"1cac91a\" data-element_type=\"section\" data-settings=\"{&quot;stretch_section&quot;:&quot;section-stretched&quot;}\">\n\t\t\t\t\t\t<div class=\"elementor-container elementor-column-gap-default\">\n\t\t\t\t\t\t\t<div class=\"elementor-row\">\n\t\t\t\t\t<div class=\"has_ma_el_bg_slider elementor-column elementor-col-100 elementor-top-column elementor-element elementor-element-418eafa\" data-id=\"418eafa\" data-element_type=\"column\">\n\t\t\t<div class=\"elementor-column-wrap\">\n\t\t\t\t\t\t\t<div class=\"elementor-widget-wrap\">\n\t\t\t\t\t\t\t\t<\/div>\n\t\t\t\t\t<\/div>\n\t\t<\/div>\n\t\t\t\t\t\t\t\t<\/div>\n\t\t\t\t\t<\/div>\n\t\t<\/section>\n\t\t\t\t<section class=\"has_ma_el_bg_slider elementor-section elementor-top-section elementor-element elementor-element-4a1b5af elementor-section-boxed elementor-section-height-default elementor-section-height-default\" data-id=\"4a1b5af\" data-element_type=\"section\">\n\t\t\t\t\t\t<div class=\"elementor-container elementor-column-gap-default\">\n\t\t\t\t\t\t\t<div class=\"elementor-row\">\n\t\t\t\t\t<div class=\"has_ma_el_bg_slider elementor-column elementor-col-100 elementor-top-column elementor-element elementor-element-47e446c\" data-id=\"47e446c\" data-element_type=\"column\">\n\t\t\t<div class=\"elementor-column-wrap elementor-element-populated\">\n\t\t\t\t\t\t\t<div class=\"elementor-widget-wrap\">\n\t\t\t\t\t\t<div class=\"elementor-element elementor-element-8208de1 elementor-widget__width-auto elementor-absolute elementor-invisible elementor-widget elementor-widget-image-gallery\" data-id=\"8208de1\" data-element_type=\"widget\" data-settings=\"{&quot;_position&quot;:&quot;absolute&quot;,&quot;_animation&quot;:&quot;fadeIn&quot;}\" data-widget_type=\"image-gallery.default\">\n\t\t\t\t<div class=\"elementor-widget-container\">\n\t\t\t\t\t<div class=\"elementor-image-gallery\">\n\t\t\t\n\t\t<style type=\"text\/css\">\n\t\t\t#gallery-1 {\n\t\t\t\tmargin: auto;\n\t\t\t}\n\t\t\t#gallery-1 .gallery-item {\n\t\t\t\tfloat: left;\n\t\t\t\tmargin-top: 10px;\n\t\t\t\ttext-align: center;\n\t\t\t\twidth: 25%;\n\t\t\t}\n\t\t\t#gallery-1 img {\n\t\t\t\tborder: 2px solid #cfcfcf;\n\t\t\t}\n\t\t\t#gallery-1 .gallery-caption {\n\t\t\t\tmargin-left: 0;\n\t\t\t}\n\t\t\t\/* see gallery_shortcode() in wp-includes\/media.php *\/\n\t\t<\/style>\n\t\t<div id='gallery-1' class='gallery galleryid-802 gallery-columns-4 gallery-size-thumbnail'><dl class='gallery-item'>\n\t\t\t<dt class='gallery-icon landscape'>\n\t\t\t\t<a data-elementor-open-lightbox=\"yes\" data-elementor-lightbox-slideshow=\"8208de1\" data-elementor-lightbox-title=\"IMG-20201202-WA0008\" href='http:\/\/81.196.125.231:8181\/wp-content\/uploads\/2021\/02\/IMG-20201202-WA0008.png'><img width=\"150\" height=\"150\" src=\"http:\/\/81.196.125.231:8181\/wp-content\/uploads\/2021\/02\/IMG-20201202-WA0008-150x150.png\" class=\"attachment-thumbnail size-thumbnail\" alt=\"\" decoding=\"async\" loading=\"lazy\" srcset=\"http:\/\/81.196.125.231:8181\/wp-content\/uploads\/2021\/02\/IMG-20201202-WA0008-150x150.png 150w, http:\/\/81.196.125.231:8181\/wp-content\/uploads\/2021\/02\/IMG-20201202-WA0008-45x45.png 45w\" sizes=\"(max-width: 150px) 100vw, 150px\" \/><\/a>\n\t\t\t<\/dt><\/dl><dl class='gallery-item'>\n\t\t\t<dt class='gallery-icon landscape'>\n\t\t\t\t<a data-elementor-open-lightbox=\"yes\" data-elementor-lightbox-slideshow=\"8208de1\" data-elementor-lightbox-title=\"IMG-20201202-WA0004\" href='http:\/\/81.196.125.231:8181\/wp-content\/uploads\/2021\/02\/IMG-20201202-WA0004.png'><img width=\"150\" height=\"150\" src=\"http:\/\/81.196.125.231:8181\/wp-content\/uploads\/2021\/02\/IMG-20201202-WA0004-150x150.png\" class=\"attachment-thumbnail size-thumbnail\" alt=\"\" decoding=\"async\" loading=\"lazy\" srcset=\"http:\/\/81.196.125.231:8181\/wp-content\/uploads\/2021\/02\/IMG-20201202-WA0004-150x150.png 150w, http:\/\/81.196.125.231:8181\/wp-content\/uploads\/2021\/02\/IMG-20201202-WA0004-45x45.png 45w\" sizes=\"(max-width: 150px) 100vw, 150px\" \/><\/a>\n\t\t\t<\/dt><\/dl><dl class='gallery-item'>\n\t\t\t<dt class='gallery-icon landscape'>\n\t\t\t\t<a data-elementor-open-lightbox=\"yes\" data-elementor-lightbox-slideshow=\"8208de1\" data-elementor-lightbox-title=\"DSC_3691\" href='http:\/\/81.196.125.231:8181\/wp-content\/uploads\/2021\/02\/DSC_3691.png'><img width=\"150\" height=\"150\" src=\"http:\/\/81.196.125.231:8181\/wp-content\/uploads\/2021\/02\/DSC_3691-150x150.png\" class=\"attachment-thumbnail size-thumbnail\" alt=\"\" decoding=\"async\" loading=\"lazy\" srcset=\"http:\/\/81.196.125.231:8181\/wp-content\/uploads\/2021\/02\/DSC_3691-150x150.png 150w, http:\/\/81.196.125.231:8181\/wp-content\/uploads\/2021\/02\/DSC_3691-45x45.png 45w\" sizes=\"(max-width: 150px) 100vw, 150px\" \/><\/a>\n\t\t\t<\/dt><\/dl><dl class='gallery-item'>\n\t\t\t<dt class='gallery-icon landscape'>\n\t\t\t\t<a data-elementor-open-lightbox=\"yes\" data-elementor-lightbox-slideshow=\"8208de1\" data-elementor-lightbox-title=\"IMG-20201127-WA0012\" href='http:\/\/81.196.125.231:8181\/wp-content\/uploads\/2021\/02\/IMG-20201127-WA0012.png'><img width=\"150\" height=\"150\" src=\"http:\/\/81.196.125.231:8181\/wp-content\/uploads\/2021\/02\/IMG-20201127-WA0012-150x150.png\" class=\"attachment-thumbnail size-thumbnail\" alt=\"\" decoding=\"async\" loading=\"lazy\" srcset=\"http:\/\/81.196.125.231:8181\/wp-content\/uploads\/2021\/02\/IMG-20201127-WA0012-150x150.png 150w, http:\/\/81.196.125.231:8181\/wp-content\/uploads\/2021\/02\/IMG-20201127-WA0012-45x45.png 45w\" sizes=\"(max-width: 150px) 100vw, 150px\" \/><\/a>\n\t\t\t<\/dt><\/dl><br style=\"clear: both\" \/>\n\t\t<\/div>\n\t\t<\/div>\n\t\t\t\t<\/div>\n\t\t\t\t<\/div>\n\t\t\t\t\t\t<\/div>\n\t\t\t\t\t<\/div>\n\t\t<\/div>\n\t\t\t\t\t\t\t\t<\/div>\n\t\t\t\t\t<\/div>\n\t\t<\/section>\n\t\t\t\t\t\t<\/div>\n\t\t\t\t\t\t<\/div>\n\t\t\t\t\t<\/div>\n\t\t","protected":false},"excerpt":{"rendered":"<p>Extinderea De la Nano la Macro \u00een Energetica Hidrogenului \u2013 Extindere Centru Na\u021bional de Hidrogen \u0219i Pile de Combustibil HyRo 2.0 Cod SMIS 127318 Proiect cofinan\u0163at din Fondul European de Dezvoltare Regional\u0103 prin Programul Opera\u0163ional Competitivitate 2014-2020. \u00a0 \u00a0 \u00a0 \u00a0 Con\u0163inutul acestui material nu reprezint\u0103 \u00een mod obligatoriu pozi\u0163ia oficial\u0103 a Uniunii Europene sau&#8230;<\/p>\n","protected":false},"author":1,"featured_media":0,"parent":0,"menu_order":0,"comment_status":"closed","ping_status":"closed","template":"fullwidth.php","meta":[],"_links":{"self":[{"href":"http:\/\/81.196.125.231:8181\/index.php?rest_route=\/wp\/v2\/pages\/802"}],"collection":[{"href":"http:\/\/81.196.125.231:8181\/index.php?rest_route=\/wp\/v2\/pages"}],"about":[{"href":"http:\/\/81.196.125.231:8181\/index.php?rest_route=\/wp\/v2\/types\/page"}],"author":[{"embeddable":true,"href":"http:\/\/81.196.125.231:8181\/index.php?rest_route=\/wp\/v2\/users\/1"}],"replies":[{"embeddable":true,"href":"http:\/\/81.196.125.231:8181\/index.php?rest_route=%2Fwp%2Fv2%2Fcomments&post=802"}],"version-history":[{"count":81,"href":"http:\/\/81.196.125.231:8181\/index.php?rest_route=\/wp\/v2\/pages\/802\/revisions"}],"predecessor-version":[{"id":1627,"href":"http:\/\/81.196.125.231:8181\/index.php?rest_route=\/wp\/v2\/pages\/802\/revisions\/1627"}],"wp:attachment":[{"href":"http:\/\/81.196.125.231:8181\/index.php?rest_route=%2Fwp%2Fv2%2Fmedia&parent=802"}],"curies":[{"name":"wp","href":"https:\/\/api.w.org\/{rel}","templated":true}]}}