{"id":979,"date":"2021-02-09T14:20:20","date_gmt":"2021-02-09T14:20:20","guid":{"rendered":"http:\/\/81.196.125.231:8181\/cookie-policy\/"},"modified":"2021-02-22T18:52:59","modified_gmt":"2021-02-22T18:52:59","slug":"politica-de-cookies","status":"publish","type":"page","link":"http:\/\/81.196.125.231:8181\/?page_id=979","title":{"rendered":"Politica de cookies"},"content":{"rendered":"\t\t<div data-elementor-type=\"wp-page\" data-elementor-id=\"979\" class=\"elementor elementor-979\" data-elementor-settings=\"[]\">\n\t\t\t\t\t\t<div class=\"elementor-inner\">\n\t\t\t\t\t\t\t<div class=\"elementor-section-wrap\">\n\t\t\t\t\t\t\t<section class=\"has_ma_el_bg_slider elementor-section elementor-top-section elementor-element elementor-element-6b835ff4 elementor-section-boxed elementor-section-height-default elementor-section-height-default\" data-id=\"6b835ff4\" data-element_type=\"section\">\n\t\t\t\t\t\t<div class=\"elementor-container elementor-column-gap-default\">\n\t\t\t\t\t\t\t<div class=\"elementor-row\">\n\t\t\t\t\t<div class=\"has_ma_el_bg_slider elementor-column elementor-col-100 elementor-top-column elementor-element elementor-element-5301a189\" data-id=\"5301a189\" data-element_type=\"column\">\n\t\t\t<div class=\"elementor-column-wrap\">\n\t\t\t\t\t\t\t<div class=\"elementor-widget-wrap\">\n\t\t\t\t\t\t\t\t<\/div>\n\t\t\t\t\t<\/div>\n\t\t<\/div>\n\t\t\t\t\t\t\t\t<\/div>\n\t\t\t\t\t<\/div>\n\t\t<\/section>\n\t\t\t\t<section class=\"has_ma_el_bg_slider elementor-section elementor-top-section elementor-element elementor-element-317daf31 elementor-section-content-middle elementor-reverse-mobile elementor-section-boxed elementor-section-height-default elementor-section-height-default\" data-id=\"317daf31\" data-element_type=\"section\" data-settings=\"{&quot;background_background&quot;:&quot;classic&quot;}\">\n\t\t\t\t\t\t<div class=\"elementor-container elementor-column-gap-default\">\n\t\t\t\t\t\t\t<div class=\"elementor-row\">\n\t\t\t\t\t<div class=\"has_ma_el_bg_slider elementor-column elementor-col-100 elementor-top-column elementor-element elementor-element-739f22da\" data-id=\"739f22da\" data-element_type=\"column\">\n\t\t\t<div class=\"elementor-column-wrap elementor-element-populated\">\n\t\t\t\t\t\t\t<div class=\"elementor-widget-wrap\">\n\t\t\t\t\t\t<div class=\"elementor-element elementor-element-d4f95d3 elementor-widget elementor-widget-text-editor\" data-id=\"d4f95d3\" data-element_type=\"widget\" data-widget_type=\"text-editor.default\">\n\t\t\t\t<div class=\"elementor-widget-container\">\n\t\t\t\t\t<div class=\"elementor-text-editor elementor-clearfix\"><p>POLITICA DE COOKIES<\/p>\n<p>Site-ul ICSI folose\u0219te cooki-uri pentru optimizarea \u0219i \u00eembun\u0103t\u0103\u021birea performan\u021bei<br>platformei. Module Cookie<br>Modulele cookie sunt fi\u0219iere de mici dimensiuni care stocheaz\u0103 informa\u021biile din computerul,<br>televizorul, telefonul mobil sau alt dispozitiv. Acestea permit entit\u0103\u021biii care a introdus<br>modulul cookie pe dispozitivul dvs. s\u0103 v\u0103 recunoasc\u0103 pe diversele site-uri web, servicii,<br>dispozitive \u0219i\/sau sesiuni de navigare. Modulele cookie au multe scopuri utile. De exemplu:<br>\u2022 Modulele cookie v\u0103 pot re\u021bine datele de conectare, pentru a nu fi nevoit s\u0103 le<br>introduce\u021bi de fiecare data c\u00e2nd v\u0103 conecta\u021bi la un serviciu;<br>\u2022 Modulele cookie ne ajuta s\u0103 \u00een\u021belegem care por\u021biuni ale Serviciilor ICSI sunt cele mai<br>populare, deoarece astfel putem observa ce pagini \u0219i caracteristici acceseaza<br>vizitatorii \u0219i c\u00e2t timp petrec pe pagini. Studiind acest tip de informa\u021bii, ICSI poate s\u0103<br>adapteze mai bine Serviciile \u0219i s\u0103 v\u0103 ofere o experien\u021b\u0103 superioar\u0103;<br>Atunci c\u00e2nd utiliza\u021bi un browser pentru a accesa Serviciile, \u00eel pute\u021bi configura s\u0103 accepte<br>toate modulele cookie, s\u0103 resping\u0103 toate modulele cookie sau s\u0103 v\u0103 notifice \u00een momentul<br>\u00een care este trimis un modul cookie. Fiecare browser este diferit. Consulta\u021bi meniul \u201dAjutor\u201d<br>al browserului dvs. pentru a afla cum pute\u021bi schimba preferin\u021bele privind modulele cookie.<br>Sistemul de operare al dispozitivului dvs. poate con\u021bine controale suplimentare pentru<br>modulele cookie.<br>Unele Servicii pot fi concepute pentru a func\u021biona cu ajutorul modulelor cookie \u0219i<br>dezactivarea acestora poate afecta posibilitatea de utilizare a acestor Servicii sau a<br>anumitor p\u0103r\u021bi ale acestora.<br>ICSI utilizeaz\u0103 urm\u0103toarele tipuri de module cookie pe site-ul web:<br>\u2022 Module cookie de baza care v\u0103 permit s\u0103 primi\u021bi servicii de pe site-ul nostru web;<br>\u2022 Module cookie de performan\u021b\u0103 care permite lui ICSI s\u0103 analizeze performan\u021ba \u0219i<br>designul situ-lui web \u0219i s\u0103 detecteze erori. De exemplu, acest tip de modul cookie<br>permite s\u0103 recunoac\u0103 faptul c\u0103 a\u021bi accesat site-ul ICSI web \u0219i s\u0103 afi\u0219eze sec\u021biunile<br>cele mai populare ale acestuia, av\u0103nd astfel posibilitatea de a vedea care sunt<br>paginile accesate cel mai frecvent de c\u0103tre vizitatori \u0219i c\u00e2t timp petrec vizitatorii pe<br>fiecare pagin\u0103.<br>\u2022 Module cookie func\u021bionale care permit s\u0103 v\u0103 oferim o experien\u021b\u0103 de utilizator<br>\u00eembun\u0103t\u0103\u021bit\u0103. De exemplu, acest tip de modul cookie asigur\u0103 faptul c\u0103, la<br>urm\u0103toarea accesare a site-ului ICSI web, informa\u021biile vor fi afi\u0219ate \u00een conformitate<br>cu preferin\u021bele dvs. de utilizator.<\/p><\/div>\n\t\t\t\t<\/div>\n\t\t\t\t<\/div>\n\t\t\t\t<div class=\"elementor-element elementor-element-c096051 elementor-widget elementor-widget-spacer\" data-id=\"c096051\" data-element_type=\"widget\" data-widget_type=\"spacer.default\">\n\t\t\t\t<div class=\"elementor-widget-container\">\n\t\t\t\t\t<div class=\"elementor-spacer\">\n\t\t\t<div class=\"elementor-spacer-inner\"><\/div>\n\t\t<\/div>\n\t\t\t\t<\/div>\n\t\t\t\t<\/div>\n\t\t\t\t\t\t<\/div>\n\t\t\t\t\t<\/div>\n\t\t<\/div>\n\t\t\t\t\t\t\t\t<\/div>\n\t\t\t\t\t<\/div>\n\t\t<\/section>\n\t\t\t\t<section class=\"has_ma_el_bg_slider elementor-section elementor-top-section elementor-element elementor-element-50a01ad elementor-section-stretched elementor-section-boxed elementor-section-height-default elementor-section-height-default\" data-id=\"50a01ad\" data-element_type=\"section\" data-settings=\"{&quot;stretch_section&quot;:&quot;section-stretched&quot;}\">\n\t\t\t\t\t\t<div class=\"elementor-container elementor-column-gap-default\">\n\t\t\t\t\t\t\t<div class=\"elementor-row\">\n\t\t\t\t\t<div class=\"has_ma_el_bg_slider elementor-column elementor-col-100 elementor-top-column elementor-element elementor-element-8b0b5a6\" data-id=\"8b0b5a6\" data-element_type=\"column\">\n\t\t\t<div class=\"elementor-column-wrap\">\n\t\t\t\t\t\t\t<div class=\"elementor-widget-wrap\">\n\t\t\t\t\t\t\t\t<\/div>\n\t\t\t\t\t<\/div>\n\t\t<\/div>\n\t\t\t\t\t\t\t\t<\/div>\n\t\t\t\t\t<\/div>\n\t\t<\/section>\n\t\t\t\t\t\t<\/div>\n\t\t\t\t\t\t<\/div>\n\t\t\t\t\t<\/div>\n\t\t","protected":false},"excerpt":{"rendered":"<p>POLITICA DE COOKIES Site-ul ICSI folose\u0219te cooki-uri pentru optimizarea \u0219i \u00eembun\u0103t\u0103\u021birea performan\u021beiplatformei. Module CookieModulele cookie sunt fi\u0219iere de mici dimensiuni care stocheaz\u0103 informa\u021biile din computerul,televizorul, telefonul mobil sau alt dispozitiv. Acestea permit entit\u0103\u021biii care a introdusmodulul cookie pe dispozitivul dvs. s\u0103 v\u0103 recunoasc\u0103 pe diversele site-uri web, servicii,dispozitive \u0219i\/sau sesiuni de navigare. Modulele cookie au&#8230;<\/p>\n","protected":false},"author":1,"featured_media":0,"parent":0,"menu_order":0,"comment_status":"closed","ping_status":"closed","template":"","meta":[],"_links":{"self":[{"href":"http:\/\/81.196.125.231:8181\/index.php?rest_route=\/wp\/v2\/pages\/979"}],"collection":[{"href":"http:\/\/81.196.125.231:8181\/index.php?rest_route=\/wp\/v2\/pages"}],"about":[{"href":"http:\/\/81.196.125.231:8181\/index.php?rest_route=\/wp\/v2\/types\/page"}],"author":[{"embeddable":true,"href":"http:\/\/81.196.125.231:8181\/index.php?rest_route=\/wp\/v2\/users\/1"}],"replies":[{"embeddable":true,"href":"http:\/\/81.196.125.231:8181\/index.php?rest_route=%2Fwp%2Fv2%2Fcomments&post=979"}],"version-history":[{"count":12,"href":"http:\/\/81.196.125.231:8181\/index.php?rest_route=\/wp\/v2\/pages\/979\/revisions"}],"predecessor-version":[{"id":1567,"href":"http:\/\/81.196.125.231:8181\/index.php?rest_route=\/wp\/v2\/pages\/979\/revisions\/1567"}],"wp:attachment":[{"href":"http:\/\/81.196.125.231:8181\/index.php?rest_route=%2Fwp%2Fv2%2Fmedia&parent=979"}],"curies":[{"name":"wp","href":"https:\/\/api.w.org\/{rel}","templated":true}]}}